{"id":267,"date":"2023-01-28T11:16:07","date_gmt":"2023-01-28T11:16:07","guid":{"rendered":"https:\/\/agr218.es\/?page_id=267"},"modified":"2023-03-02T07:49:58","modified_gmt":"2023-03-02T07:49:58","slug":"lineas","status":"publish","type":"page","link":"https:\/\/agr218.es\/index.php\/lineas\/","title":{"rendered":"L\u00edneas"},"content":{"rendered":"\t\t<div data-elementor-type=\"wp-page\" data-elementor-id=\"267\" class=\"elementor elementor-267\">\n\t\t\t\t\t\t\t\t\t<section class=\"elementor-section elementor-top-section elementor-element elementor-element-c6c1564 elementor-section-boxed elementor-section-height-default elementor-section-height-default\" data-id=\"c6c1564\" data-element_type=\"section\">\n\t\t\t\t\t\t<div class=\"elementor-container elementor-column-gap-default\">\n\t\t\t\t\t<div class=\"elementor-column elementor-col-100 elementor-top-column elementor-element elementor-element-345085d\" data-id=\"345085d\" data-element_type=\"column\">\n\t\t\t<div class=\"elementor-widget-wrap elementor-element-populated\">\n\t\t\t\t\t\t\t\t<div class=\"elementor-element elementor-element-9e18c53 elementor-widget elementor-widget-text-editor\" data-id=\"9e18c53\" data-element_type=\"widget\" data-widget_type=\"text-editor.default\">\n\t\t\t\t<div class=\"elementor-widget-container\">\n\t\t\t<style>\/*! elementor - v3.10.1 - 17-01-2023 *\/\n.elementor-widget-text-editor.elementor-drop-cap-view-stacked .elementor-drop-cap{background-color:#818a91;color:#fff}.elementor-widget-text-editor.elementor-drop-cap-view-framed .elementor-drop-cap{color:#818a91;border:3px solid;background-color:transparent}.elementor-widget-text-editor:not(.elementor-drop-cap-view-default) .elementor-drop-cap{margin-top:8px}.elementor-widget-text-editor:not(.elementor-drop-cap-view-default) .elementor-drop-cap-letter{width:1em;height:1em}.elementor-widget-text-editor .elementor-drop-cap{float:left;text-align:center;line-height:1;font-size:50px}.elementor-widget-text-editor .elementor-drop-cap-letter{display:inline-block}<\/style>\t\t\t\t<p><span style=\"vertical-align: inherit;\"><span style=\"vertical-align: inherit;\">Desde su fundaci\u00f3n en 2001 el Grupo PAIDI-218 ha desarrollado su labor no s\u00f3lo en investigaci\u00f3n y desarrollo, sino tambi\u00e9n en innovaci\u00f3n, transferencia y formaci\u00f3n, todo ello lo ha realizado con un fuerte componente de internacionalizaci\u00f3n, especialmente en los contextos Europeo, Africano e iberoamericano.\u00a0<\/span><\/span><\/p>\t\t\t\t\t\t<\/div>\n\t\t\t\t<\/div>\n\t\t\t\t\t<\/div>\n\t\t<\/div>\n\t\t\t\t\t\t\t<\/div>\n\t\t<\/section>\n\t\t\t\t<section class=\"elementor-section elementor-top-section elementor-element elementor-element-74f983d elementor-section-boxed elementor-section-height-default elementor-section-height-default\" data-id=\"74f983d\" data-element_type=\"section\">\n\t\t\t\t\t\t<div class=\"elementor-container elementor-column-gap-default\">\n\t\t\t\t\t<div class=\"elementor-column elementor-col-100 elementor-top-column elementor-element elementor-element-38b63d8\" data-id=\"38b63d8\" data-element_type=\"column\">\n\t\t\t<div class=\"elementor-widget-wrap elementor-element-populated\">\n\t\t\t\t\t\t\t\t<div class=\"elementor-element elementor-element-6523e85 elementor-widget-divider--view-line elementor-widget elementor-widget-divider\" data-id=\"6523e85\" data-element_type=\"widget\" data-widget_type=\"divider.default\">\n\t\t\t\t<div class=\"elementor-widget-container\">\n\t\t\t<style>\/*! elementor - v3.10.1 - 17-01-2023 *\/\n.elementor-widget-divider{--divider-border-style:none;--divider-border-width:1px;--divider-color:#2c2c2c;--divider-icon-size:20px;--divider-element-spacing:10px;--divider-pattern-height:24px;--divider-pattern-size:20px;--divider-pattern-url:none;--divider-pattern-repeat:repeat-x}.elementor-widget-divider .elementor-divider{display:flex}.elementor-widget-divider .elementor-divider__text{font-size:15px;line-height:1;max-width:95%}.elementor-widget-divider .elementor-divider__element{margin:0 var(--divider-element-spacing);flex-shrink:0}.elementor-widget-divider .elementor-icon{font-size:var(--divider-icon-size)}.elementor-widget-divider .elementor-divider-separator{display:flex;margin:0;direction:ltr}.elementor-widget-divider--view-line_icon .elementor-divider-separator,.elementor-widget-divider--view-line_text .elementor-divider-separator{align-items:center}.elementor-widget-divider--view-line_icon .elementor-divider-separator:after,.elementor-widget-divider--view-line_icon .elementor-divider-separator:before,.elementor-widget-divider--view-line_text .elementor-divider-separator:after,.elementor-widget-divider--view-line_text .elementor-divider-separator:before{display:block;content:\"\";border-bottom:0;flex-grow:1;border-top:var(--divider-border-width) var(--divider-border-style) var(--divider-color)}.elementor-widget-divider--element-align-left .elementor-divider .elementor-divider-separator>.elementor-divider__svg:first-of-type{flex-grow:0;flex-shrink:100}.elementor-widget-divider--element-align-left .elementor-divider-separator:before{content:none}.elementor-widget-divider--element-align-left .elementor-divider__element{margin-left:0}.elementor-widget-divider--element-align-right .elementor-divider .elementor-divider-separator>.elementor-divider__svg:last-of-type{flex-grow:0;flex-shrink:100}.elementor-widget-divider--element-align-right .elementor-divider-separator:after{content:none}.elementor-widget-divider--element-align-right .elementor-divider__element{margin-right:0}.elementor-widget-divider:not(.elementor-widget-divider--view-line_text):not(.elementor-widget-divider--view-line_icon) .elementor-divider-separator{border-top:var(--divider-border-width) var(--divider-border-style) var(--divider-color)}.elementor-widget-divider--separator-type-pattern{--divider-border-style:none}.elementor-widget-divider--separator-type-pattern.elementor-widget-divider--view-line .elementor-divider-separator,.elementor-widget-divider--separator-type-pattern:not(.elementor-widget-divider--view-line) .elementor-divider-separator:after,.elementor-widget-divider--separator-type-pattern:not(.elementor-widget-divider--view-line) .elementor-divider-separator:before,.elementor-widget-divider--separator-type-pattern:not([class*=elementor-widget-divider--view]) .elementor-divider-separator{width:100%;min-height:var(--divider-pattern-height);-webkit-mask-size:var(--divider-pattern-size) 100%;mask-size:var(--divider-pattern-size) 100%;-webkit-mask-repeat:var(--divider-pattern-repeat);mask-repeat:var(--divider-pattern-repeat);background-color:var(--divider-color);-webkit-mask-image:var(--divider-pattern-url);mask-image:var(--divider-pattern-url)}.elementor-widget-divider--no-spacing{--divider-pattern-size:auto}.elementor-widget-divider--bg-round{--divider-pattern-repeat:round}.rtl .elementor-widget-divider .elementor-divider__text{direction:rtl}.e-con-inner>.elementor-widget-divider,.e-con>.elementor-widget-divider{width:var(--container-widget-width);--flex-grow:var(--container-widget-flex-grow)}<\/style>\t\t<div class=\"elementor-divider\">\n\t\t\t<span class=\"elementor-divider-separator\">\n\t\t\t\t\t\t<\/span>\n\t\t<\/div>\n\t\t\t\t<\/div>\n\t\t\t\t<\/div>\n\t\t\t\t\t<\/div>\n\t\t<\/div>\n\t\t\t\t\t\t\t<\/div>\n\t\t<\/section>\n\t\t\t\t<section class=\"elementor-section elementor-top-section elementor-element elementor-element-260ab4f elementor-section-boxed elementor-section-height-default elementor-section-height-default\" data-id=\"260ab4f\" data-element_type=\"section\" data-settings=\"{&quot;background_background&quot;:&quot;classic&quot;}\">\n\t\t\t\t\t\t<div class=\"elementor-container elementor-column-gap-default\">\n\t\t\t\t\t<div class=\"elementor-column elementor-col-100 elementor-top-column elementor-element elementor-element-3da9458\" data-id=\"3da9458\" data-element_type=\"column\">\n\t\t\t<div class=\"elementor-widget-wrap elementor-element-populated\">\n\t\t\t\t\t\t\t\t<div class=\"elementor-element elementor-element-8d336f0 elementor-widget elementor-widget-text-editor\" data-id=\"8d336f0\" data-element_type=\"widget\" data-widget_type=\"text-editor.default\">\n\t\t\t\t<div class=\"elementor-widget-container\">\n\t\t\t\t\t\t\t<h1 style=\"text-align: center;\"><span style=\"vertical-align: inherit;\"><span style=\"vertical-align: inherit;\"><span style=\"vertical-align: inherit;\"><span style=\"vertical-align: inherit;\"><span style=\"vertical-align: inherit;\"><span style=\"vertical-align: inherit;\"><span style=\"vertical-align: inherit;\"><span style=\"vertical-align: inherit;\"><span style=\"vertical-align: inherit;\"><span style=\"vertical-align: inherit;\"><span style=\"vertical-align: inherit;\"><span style=\"vertical-align: inherit;\">L\u00edneas de investigaci\u00f3n<\/span><\/span><\/span><\/span><\/span><\/span><\/span><\/span><\/span><\/span><\/span><\/span><\/h1>\t\t\t\t\t\t<\/div>\n\t\t\t\t<\/div>\n\t\t\t\t\t<\/div>\n\t\t<\/div>\n\t\t\t\t\t\t\t<\/div>\n\t\t<\/section>\n\t\t\t\t<section class=\"elementor-section elementor-top-section elementor-element elementor-element-fb3d4d6 elementor-section-boxed elementor-section-height-default elementor-section-height-default\" data-id=\"fb3d4d6\" data-element_type=\"section\">\n\t\t\t\t\t\t<div class=\"elementor-container elementor-column-gap-default\">\n\t\t\t\t\t<div class=\"elementor-column elementor-col-50 elementor-top-column elementor-element elementor-element-5f8899b\" data-id=\"5f8899b\" data-element_type=\"column\">\n\t\t\t<div class=\"elementor-widget-wrap elementor-element-populated\">\n\t\t\t\t\t\t\t\t<div class=\"elementor-element elementor-element-b39ddf7 elementor-widget elementor-widget-image\" data-id=\"b39ddf7\" data-element_type=\"widget\" data-widget_type=\"image.default\">\n\t\t\t\t<div class=\"elementor-widget-container\">\n\t\t\t<style>\/*! elementor - v3.10.1 - 17-01-2023 *\/\n.elementor-widget-image{text-align:center}.elementor-widget-image a{display:inline-block}.elementor-widget-image a img[src$=\".svg\"]{width:48px}.elementor-widget-image img{vertical-align:middle;display:inline-block}<\/style>\t\t\t\t\t\t\t\t\t\t\t\t<img decoding=\"async\" width=\"800\" height=\"528\" src=\"https:\/\/agr218.es\/wp-content\/uploads\/2023\/01\/estructura-del-grupo2.png\" class=\"attachment-large size-large wp-image-269\" alt=\"\" loading=\"lazy\" srcset=\"https:\/\/agr218.es\/wp-content\/uploads\/2023\/01\/estructura-del-grupo2.png 893w, https:\/\/agr218.es\/wp-content\/uploads\/2023\/01\/estructura-del-grupo2-300x198.png 300w, https:\/\/agr218.es\/wp-content\/uploads\/2023\/01\/estructura-del-grupo2-768x507.png 768w\" sizes=\"(max-width: 800px) 100vw, 800px\" \/>\t\t\t\t\t\t\t\t\t\t\t\t\t\t\t<\/div>\n\t\t\t\t<\/div>\n\t\t\t\t\t<\/div>\n\t\t<\/div>\n\t\t\t\t<div class=\"elementor-column elementor-col-50 elementor-top-column elementor-element elementor-element-1c75063\" data-id=\"1c75063\" data-element_type=\"column\">\n\t\t\t<div class=\"elementor-widget-wrap elementor-element-populated\">\n\t\t\t\t\t\t\t\t<div class=\"elementor-element elementor-element-19188d3 elementor-widget elementor-widget-text-editor\" data-id=\"19188d3\" data-element_type=\"widget\" data-widget_type=\"text-editor.default\">\n\t\t\t\t<div class=\"elementor-widget-container\">\n\t\t\t\t\t\t\t<h5><span style=\"vertical-align: inherit;\"><span style=\"vertical-align: inherit;\">\u00c1rea de Gen\u00e9tica Cuantitativa<\/span><\/span><\/h5><p style=\"font-size: small;\"><u><span style=\"vertical-align: inherit;\"><span style=\"vertical-align: inherit;\">Contenidos<\/span><\/span><\/u><br \/><span style=\"vertical-align: inherit;\"><span style=\"vertical-align: inherit;\"> \u2022 Programas de conservaci\u00f3n de la diversidad gen\u00e9tica. <\/span><span style=\"vertical-align: inherit;\">Estudios demogr\u00e1ficos, planificaci\u00f3n de los apareamientos. <\/span><span style=\"vertical-align: inherit;\">Control de la endogamia. <\/span><\/span><br \/><span style=\"vertical-align: inherit;\"><span style=\"vertical-align: inherit;\">\u2022 Programas de mejora gen\u00e9tica. <\/span><span style=\"vertical-align: inherit;\">Evaluaci\u00f3n gen\u00e9tica. <\/span><span style=\"vertical-align: inherit;\">C\u00e1lculo de par\u00e1metros. <\/span><span style=\"vertical-align: inherit;\">Evaluaci\u00f3n del progreso y las tendencias gen\u00e9ticas. <\/span><span style=\"vertical-align: inherit;\">B\u00fasqueda de nuevos objetivos y criterios de selecci\u00f3n. <\/span><\/span><br \/><span style=\"vertical-align: inherit;\"><span style=\"vertical-align: inherit;\">\u2022 Curvas de lactancia y de crecimiento. <\/span><span style=\"vertical-align: inherit;\">Mejor ajuste. <\/span><span style=\"vertical-align: inherit;\">Interpretaci\u00f3n fisiogen\u00e9tica de los par\u00e1metros de las curvas.<\/span><\/span><\/p><h5><span style=\"vertical-align: inherit;\"><span style=\"vertical-align: inherit;\">\u00c1rea de Gen\u00e9tica Molecular y Gen\u00f3mica<\/span><\/span><\/h5><p style=\"font-size: small;\"><u>Contenidos:<\/u><br \/>\u2022 Metodolog\u00edas para el control geneal\u00f3gico. M\u00e9todos de exclusi\u00f3n y de asignaci\u00f3n. <br \/>\u2022 Caracterizaci\u00f3n gen\u00e9tica. Diversidad intrapoblacional. Diversidad interpoblacional. Estudios geoevolutivos y de estructura. <br \/>\u2022 Identificaci\u00f3n y trazabilidad individual y racial. Aplicaciones comerciales y en veterinaria forense. <br \/>\u2022 Selecci\u00f3n asistida por genes o marcadores. Marcadores de la carne y de la leche. Resistencia gen\u00e9tica. Marcadores de la lana y la piel. Resistencia al estr\u00e9s.<\/p><h5>\u00c1rea de Reproducci\u00f3n Asistida<\/h5><p style=\"font-size: small;\"><u>Contenidos: <\/u><br \/>\u2022 Bancos abiertos de germoplasma. Conexi\u00f3n gen\u00e9tica de los reba\u00f1os. Comercio de productos gen\u00e9ticos, Control geneal\u00f3gico <br \/>\u2022 Bancos cerrados de germoplasma. Mantenimiento de colecciones a largo plazo. C\u00e1lculo del material para la reconstrucci\u00f3n de poblaciones <br \/>\u2022 Mantenimiento del banco andaluz de germoplasma animal<\/p><h5>\u00c1rea de caracterizaci\u00f3n y puesta en valor de productos.<\/h5><p style=\"font-size: small;\"><u>Contenidos: <\/u><br \/>\u2022 Carne. Caracterizaci\u00f3n de la canal y de la carne. Uso de marcadores. Calificaci\u00f3n lineal. Trazabilidad racial <br \/>\u2022 Leche. Composici\u00f3n qu\u00edmica. Caracterizaci\u00f3n de los quesos. Uso de marcadores. Trazabilidad racial. <br \/>\u2022 Pieles y lana. Resistencia. Elasticidad. Finura. <br \/>\u2022 Huevos. Contenidos de la clara y la yema. Dureza de la c\u00e1scara. Dimensiones. Color.<\/p><h5>\u00c1rea de apicultura.<\/h5><p style=\"font-size: small;\"><u>Contenidos<\/u><br \/>\u2022 Monitorizaci\u00f3n de colonias de abejas (Apis mellifera). Remota m\u00ednimamente invasivas, con las que se consiguen mucha informaci\u00f3n fiable, herramienta que estamos aplicando para estudiar los efectos del cambio clim\u00e1tico sobre las abejas, el efecto de fitosanitarios y tratamientos propios de las colmenas, etc. <br \/>\u2022 Conocimiento y circulaci\u00f3n de residuos t\u00f3xicos en las colmenas y el desarrollo de un m\u00e9todo para la descontaminaci\u00f3n de la cera de las colmenas. El m\u00e9todo ya est\u00e1 desarrollado y actualmente est\u00e1 en proceso de obtenci\u00f3n de la patente.<\/p>\t\t\t\t\t\t<\/div>\n\t\t\t\t<\/div>\n\t\t\t\t\t<\/div>\n\t\t<\/div>\n\t\t\t\t\t\t\t<\/div>\n\t\t<\/section>\n\t\t\t\t<section class=\"elementor-section elementor-top-section elementor-element elementor-element-599dee4 elementor-section-boxed elementor-section-height-default elementor-section-height-default\" data-id=\"599dee4\" data-element_type=\"section\">\n\t\t\t\t\t\t<div class=\"elementor-container elementor-column-gap-default\">\n\t\t\t\t\t<div class=\"elementor-column elementor-col-100 elementor-top-column elementor-element elementor-element-33f05b0\" data-id=\"33f05b0\" data-element_type=\"column\">\n\t\t\t<div class=\"elementor-widget-wrap elementor-element-populated\">\n\t\t\t\t\t\t\t\t<div class=\"elementor-element elementor-element-d952293 elementor-widget elementor-widget-text-editor\" data-id=\"d952293\" data-element_type=\"widget\" data-widget_type=\"text-editor.default\">\n\t\t\t\t<div class=\"elementor-widget-container\">\n\t\t\t\t\t\t\t<h4 style=\"text-align: center;\"><span style=\"vertical-align: inherit;\"><span style=\"vertical-align: inherit;\">RETOS Y L\u00cdNEAS DE FUTURO.\u00a0<\/span><\/span><\/h4>\t\t\t\t\t\t<\/div>\n\t\t\t\t<\/div>\n\t\t\t\t\t<\/div>\n\t\t<\/div>\n\t\t\t\t\t\t\t<\/div>\n\t\t<\/section>\n\t\t\t\t<section class=\"elementor-section elementor-top-section elementor-element elementor-element-dde4afa elementor-section-boxed elementor-section-height-default elementor-section-height-default\" data-id=\"dde4afa\" data-element_type=\"section\">\n\t\t\t\t\t\t<div class=\"elementor-container elementor-column-gap-default\">\n\t\t\t\t\t<div class=\"elementor-column elementor-col-100 elementor-top-column elementor-element elementor-element-abeaed2\" data-id=\"abeaed2\" data-element_type=\"column\">\n\t\t\t<div class=\"elementor-widget-wrap elementor-element-populated\">\n\t\t\t\t\t\t\t\t<div class=\"elementor-element elementor-element-82ea48d elementor-widget elementor-widget-text-editor\" data-id=\"82ea48d\" data-element_type=\"widget\" data-widget_type=\"text-editor.default\">\n\t\t\t\t<div class=\"elementor-widget-container\">\n\t\t\t\t\t\t\t<p>Investigar y trabajar en econom\u00eda circular no es posible sin la parte animal del ciclo, por ello es extremadamente necesaria la I+D+I+t en recursos zoogen\u00e9ticos locales, a priori mejor adaptados a sistemas alternativos (extensivo, traspatio,\u2026) y fuertemente\u00a0 inculados al enfoque bio-econ\u00f3mico. Nuestros retos futuros son de continuidad, deseamos seguir extendiendo nuestras actividades de investigaci\u00f3n y desarrollo, fortaleciendo tanto los aspectos de internacionalizaci\u00f3n como de transferencia al sector, as\u00ed como la formaci\u00f3n de posgrado en nuestras especialidades, para difundir nuestros avances y nuestra experiencia.<\/p><p>Conservar la biodiversidad tampoco es posible si esta no se inserta en el ciclo productivo. Las razas patrimoniales, mejor adaptadas a su lugar, o nicho, por el contrario de las razas super-productivas, son menos exigentes, en insumos, y menos contaminantes en su ciclo, aportando adem\u00e1s una variedad productiva y organol\u00e9ptica que se adapta m\u00e1s a la demandas actuales y a las producciones respetuosas con el medio ambiente.<\/p><p>En el futuro m\u00e1s pr\u00f3ximo y el contexto del proyecto CARAVAN concluiremos el desarrollo de una metodolog\u00eda original para la calificaci\u00f3n lineal de la morfolog\u00eda y el comportamiento de los dromedarios, procediendo a la extensi\u00f3n e implantaci\u00f3n en los pa\u00edses del norte de \u00c1frica, sur de Andaluc\u00eda y las Islas Canarias. <\/p><p>En el \u00e1mbito Iberoamericano profundizaremos en los estudios de biodiversidad y relaciones filogen\u00e9ticas geoevolutivas de las razas resultantes de la colonizaci\u00f3n iberoamericana de distintas especies desde consorcios internacionales ad hoc, as\u00ed como en los estudios de los recursos zoogen\u00e9ticos vinculador a la producci\u00f3n de <br \/>traspatio. As\u00ed mismo, seguiremos adelante con los estudios gen\u00f3micos funcionales en los que trabajamos. <\/p><p>Finalmente, en el contexto nacional seguiremos con nuestro trabajo en los programas de mejora gen\u00e9tica y conservaci\u00f3n, con especial inter\u00e9s en la caracterizaci\u00f3n funcional de las razas y la caracterizaci\u00f3n e inserci\u00f3n de sus productos en el mercado local , con destacado inter\u00e9s en razas aut\u00f3ctonas.<\/p>\t\t\t\t\t\t<\/div>\n\t\t\t\t<\/div>\n\t\t\t\t\t<\/div>\n\t\t<\/div>\n\t\t\t\t\t\t\t<\/div>\n\t\t<\/section>\n\t\t\t\t\t\t\t<\/div>\n\t\t","protected":false},"excerpt":{"rendered":"<p>Desde su fundaci\u00f3n en 2001 el Grupo PAIDI-218 ha desarrollado su labor no s\u00f3lo en investigaci\u00f3n y desarrollo, sino tambi\u00e9n en innovaci\u00f3n, transferencia y formaci\u00f3n, todo ello lo ha realizado con un fuerte componente de internacionalizaci\u00f3n, especialmente en los contextos Europeo, Africano e iberoamericano.\u00a0 L\u00edneas de investigaci\u00f3n \u00c1rea de Gen\u00e9tica Cuantitativa Contenidos \u2022 Programas de [&hellip;]<\/p>\n","protected":false},"author":1,"featured_media":0,"parent":0,"menu_order":0,"comment_status":"closed","ping_status":"closed","template":"","meta":[],"_links":{"self":[{"href":"https:\/\/agr218.es\/index.php\/wp-json\/wp\/v2\/pages\/267"}],"collection":[{"href":"https:\/\/agr218.es\/index.php\/wp-json\/wp\/v2\/pages"}],"about":[{"href":"https:\/\/agr218.es\/index.php\/wp-json\/wp\/v2\/types\/page"}],"author":[{"embeddable":true,"href":"https:\/\/agr218.es\/index.php\/wp-json\/wp\/v2\/users\/1"}],"replies":[{"embeddable":true,"href":"https:\/\/agr218.es\/index.php\/wp-json\/wp\/v2\/comments?post=267"}],"version-history":[{"count":22,"href":"https:\/\/agr218.es\/index.php\/wp-json\/wp\/v2\/pages\/267\/revisions"}],"predecessor-version":[{"id":500,"href":"https:\/\/agr218.es\/index.php\/wp-json\/wp\/v2\/pages\/267\/revisions\/500"}],"wp:attachment":[{"href":"https:\/\/agr218.es\/index.php\/wp-json\/wp\/v2\/media?parent=267"}],"curies":[{"name":"wp","href":"https:\/\/api.w.org\/{rel}","templated":true}]}}