{"id":335,"date":"2023-02-01T08:20:47","date_gmt":"2023-02-01T08:20:47","guid":{"rendered":"https:\/\/agr218.es\/?page_id=335"},"modified":"2026-03-09T20:14:09","modified_gmt":"2026-03-09T20:14:09","slug":"tesis-doctorales","status":"publish","type":"page","link":"https:\/\/agr218.es\/index.php\/tesis-doctorales\/","title":{"rendered":"Tesis doctorales"},"content":{"rendered":"\t\t<div data-elementor-type=\"wp-page\" data-elementor-id=\"335\" class=\"elementor elementor-335\">\n\t\t\t\t\t\t\t\t\t<section class=\"elementor-section elementor-top-section elementor-element elementor-element-3cfde2e elementor-section-boxed elementor-section-height-default elementor-section-height-default\" data-id=\"3cfde2e\" data-element_type=\"section\">\n\t\t\t\t\t\t<div class=\"elementor-container elementor-column-gap-default\">\n\t\t\t\t\t<div class=\"elementor-column elementor-col-33 elementor-top-column elementor-element elementor-element-32c7068\" data-id=\"32c7068\" data-element_type=\"column\">\n\t\t\t<div class=\"elementor-widget-wrap elementor-element-populated\">\n\t\t\t\t\t\t\t\t<div class=\"elementor-element elementor-element-0267999 elementor-widget elementor-widget-image\" data-id=\"0267999\" data-element_type=\"widget\" data-widget_type=\"image.default\">\n\t\t\t\t<div class=\"elementor-widget-container\">\n\t\t\t<style>\/*! elementor - v3.10.1 - 17-01-2023 *\/\n.elementor-widget-image{text-align:center}.elementor-widget-image a{display:inline-block}.elementor-widget-image a img[src$=\".svg\"]{width:48px}.elementor-widget-image img{vertical-align:middle;display:inline-block}<\/style>\t\t\t\t\t\t\t\t\t\t\t\t\t<a href=\"https:\/\/helvia.uco.es\/xmlui\/handle\/10396\/21576\" target=\"_blank\">\n\t\t\t\t\t\t\t<img decoding=\"async\" width=\"800\" height=\"600\" src=\"https:\/\/agr218.es\/wp-content\/uploads\/2026\/03\/IMG-20260306-WA0003.jpg\" class=\"attachment-large size-large wp-image-743\" alt=\"\" loading=\"lazy\" srcset=\"https:\/\/agr218.es\/wp-content\/uploads\/2026\/03\/IMG-20260306-WA0003.jpg 800w, https:\/\/agr218.es\/wp-content\/uploads\/2026\/03\/IMG-20260306-WA0003-300x225.jpg 300w, https:\/\/agr218.es\/wp-content\/uploads\/2026\/03\/IMG-20260306-WA0003-768x576.jpg 768w\" sizes=\"(max-width: 800px) 100vw, 800px\" \/>\t\t\t\t\t\t\t\t<\/a>\n\t\t\t\t\t\t\t\t\t\t\t\t\t\t\t<\/div>\n\t\t\t\t<\/div>\n\t\t\t\t\t<\/div>\n\t\t<\/div>\n\t\t\t\t<div class=\"elementor-column elementor-col-33 elementor-top-column elementor-element elementor-element-47c6dbe\" data-id=\"47c6dbe\" data-element_type=\"column\">\n\t\t\t<div class=\"elementor-widget-wrap elementor-element-populated\">\n\t\t\t\t\t\t\t\t<div class=\"elementor-element elementor-element-3cbd125 elementor-widget elementor-widget-text-editor\" data-id=\"3cbd125\" data-element_type=\"widget\" data-widget_type=\"text-editor.default\">\n\t\t\t\t<div class=\"elementor-widget-container\">\n\t\t\t<style>\/*! elementor - v3.10.1 - 17-01-2023 *\/\n.elementor-widget-text-editor.elementor-drop-cap-view-stacked .elementor-drop-cap{background-color:#818a91;color:#fff}.elementor-widget-text-editor.elementor-drop-cap-view-framed .elementor-drop-cap{color:#818a91;border:3px solid;background-color:transparent}.elementor-widget-text-editor:not(.elementor-drop-cap-view-default) .elementor-drop-cap{margin-top:8px}.elementor-widget-text-editor:not(.elementor-drop-cap-view-default) .elementor-drop-cap-letter{width:1em;height:1em}.elementor-widget-text-editor .elementor-drop-cap{float:left;text-align:center;line-height:1;font-size:50px}.elementor-widget-text-editor .elementor-drop-cap-letter{display:inline-block}<\/style>\t\t\t\t<p><a href=\"https:\/\/helvia.uco.es\/xmlui\/handle\/10396\/35292\" target=\"_blank\" rel=\"noopener\">Estudio de los bovinos locales en la agricultura familiar del Alto Egipto<\/a><br \/><span style=\"font-size: 90%;\">El Alto Egipto, depende en gran medida de la cr\u00eda de ganado bovino, actividad clave tanto para la econom\u00eda campesina como para su identidad cultural. La raza aut\u00f3ctona Baladi, bien adaptada a la agricultura familiar, carece de censos precisos, descripciones morfol\u00f3gicas y programas de mejora gen\u00e9tica, pese a su valor para un desarrollo rural sostenible. Se sospecha una alta diversidad gen\u00e9tica debido a la amplitud territorial y la ausencia de selecci\u00f3n organizada. El estudio plantea analizar factores socioecon\u00f3micos, roles sociales, diversidad gen\u00e9tica y caracter\u00edsticas morfol\u00f3gicas dentro de proyectos hispano\u2011egipcios de cooperaci\u00f3n.<\/span><\/p>\t\t\t\t\t\t<\/div>\n\t\t\t\t<\/div>\n\t\t\t\t\t<\/div>\n\t\t<\/div>\n\t\t\t\t<div class=\"elementor-column elementor-col-33 elementor-top-column elementor-element elementor-element-4538199\" data-id=\"4538199\" data-element_type=\"column\">\n\t\t\t<div class=\"elementor-widget-wrap elementor-element-populated\">\n\t\t\t\t\t\t\t\t<div class=\"elementor-element elementor-element-7889050 elementor-widget elementor-widget-text-editor\" data-id=\"7889050\" data-element_type=\"widget\" data-widget_type=\"text-editor.default\">\n\t\t\t\t<div class=\"elementor-widget-container\">\n\t\t\t\t\t\t\t<div id=\":s9\" class=\"ii gt\"><div id=\":pu\" class=\"a3s aiL msg8629388147552071498\"><div dir=\"ltr\"><div><div id=\"m_8629388147552071498Signature\"><div><div id=\"m_8629388147552071498divtagdefaultwrapper\"><p><a href=\"https:\/\/www.linkedin.com\/in\/baldomero-molina-flores-90b89941\/\" target=\"_blank\" rel=\"noopener\"><strong><span style=\"vertical-align: inherit;\"><span style=\"vertical-align: inherit;\"><span style=\"vertical-align: inherit;\"><span style=\"vertical-align: inherit;\"><span style=\"vertical-align: inherit;\"><span style=\"vertical-align: inherit;\">Baldomero Molina Flores<\/span><\/span><\/span><\/span><\/span><\/span><\/strong><\/a><\/p><\/div><div class=\"adL\">\u00a0<\/div><\/div><div class=\"adL\">\u00a0<\/div><\/div><div class=\"adL\">\u00a0<\/div><\/div><div class=\"adL\">\u00a0<\/div><\/div><div class=\"adL\">\u00a0<\/div><\/div><\/div><div id=\":21u\" class=\"&quot;hq&lt;\/p\">\u00a0<\/div>\t\t\t\t\t\t<\/div>\n\t\t\t\t<\/div>\n\t\t\t\t\t<\/div>\n\t\t<\/div>\n\t\t\t\t\t\t\t<\/div>\n\t\t<\/section>\n\t\t\t\t<section class=\"elementor-section elementor-top-section elementor-element elementor-element-a368036 elementor-section-boxed elementor-section-height-default elementor-section-height-default\" data-id=\"a368036\" data-element_type=\"section\">\n\t\t\t\t\t\t<div class=\"elementor-container elementor-column-gap-default\">\n\t\t\t\t\t<div class=\"elementor-column elementor-col-33 elementor-top-column elementor-element elementor-element-bd875e8\" data-id=\"bd875e8\" data-element_type=\"column\">\n\t\t\t<div class=\"elementor-widget-wrap elementor-element-populated\">\n\t\t\t\t\t\t\t\t<div class=\"elementor-element elementor-element-e116496 elementor-widget elementor-widget-image\" data-id=\"e116496\" data-element_type=\"widget\" data-widget_type=\"image.default\">\n\t\t\t\t<div class=\"elementor-widget-container\">\n\t\t\t\t\t\t\t\t\t\t\t\t\t\t\t\t<a href=\"https:\/\/helvia.uco.es\/xmlui\/handle\/10396\/21576\" target=\"_blank\">\n\t\t\t\t\t\t\t<img decoding=\"async\" src=\"http:\/\/conbiand.site\/wp-content\/uploads\/2021\/11\/gallinas.jpg\" title=\"\" alt=\"\" loading=\"lazy\" \/>\t\t\t\t\t\t\t\t<\/a>\n\t\t\t\t\t\t\t\t\t\t\t\t\t\t\t<\/div>\n\t\t\t\t<\/div>\n\t\t\t\t\t<\/div>\n\t\t<\/div>\n\t\t\t\t<div class=\"elementor-column elementor-col-33 elementor-top-column elementor-element elementor-element-ccbe3f9\" data-id=\"ccbe3f9\" data-element_type=\"column\">\n\t\t\t<div class=\"elementor-widget-wrap elementor-element-populated\">\n\t\t\t\t\t\t\t\t<div class=\"elementor-element elementor-element-bca6059 elementor-widget elementor-widget-text-editor\" data-id=\"bca6059\" data-element_type=\"widget\" data-widget_type=\"text-editor.default\">\n\t\t\t\t<div class=\"elementor-widget-container\">\n\t\t\t\t\t\t\t<p><a href=\"https:\/\/helvia.uco.es\/xmlui\/handle\/10396\/21576\" target=\"_blank\" rel=\"noopener\"><span style=\"vertical-align: inherit;\"><span style=\"vertical-align: inherit;\"><span style=\"vertical-align: inherit;\">Caracterizaci\u00f3n funcional de las variedades de la raza aviar utrerana <\/span><\/span><\/span><\/a><br \/><span style=\"vertical-align: inherit;\"><span style=\"font-size: 90%;\"><span style=\"vertical-align: inherit;\"><span style=\"vertical-align: inherit;\">Los estudios realizados en esta tesis doctoral buscan la obtenci\u00f3n de un conocimiento m\u00e1s profundo sobre la caracterizaci\u00f3n zoom\u00e9trica, faner\u00f3ptica y productiva de la raza aviar Utrerana. <\/span><span style=\"vertical-align: inherit;\">Esto sienta las bases para estrategias que apunten a responder de manera m\u00e1s adecuada a un espectro m\u00e1s amplio de demandas del mercado y tendencias de los consumidores, lo que, a su vez, puede asegurar la sostenibilidad de las pol\u00edticas de conservaci\u00f3n de este recurso zoogen\u00e9tico.<\/span><\/span><\/span><\/span><\/p>\t\t\t\t\t\t<\/div>\n\t\t\t\t<\/div>\n\t\t\t\t\t<\/div>\n\t\t<\/div>\n\t\t\t\t<div class=\"elementor-column elementor-col-33 elementor-top-column elementor-element elementor-element-03f5c7d\" data-id=\"03f5c7d\" data-element_type=\"column\">\n\t\t\t<div class=\"elementor-widget-wrap elementor-element-populated\">\n\t\t\t\t\t\t\t\t<div class=\"elementor-element elementor-element-7302999 elementor-widget elementor-widget-text-editor\" data-id=\"7302999\" data-element_type=\"widget\" data-widget_type=\"text-editor.default\">\n\t\t\t\t<div class=\"elementor-widget-container\">\n\t\t\t\t\t\t\t<div id=\":s9\" class=\"ii gt\"><div id=\":pu\" class=\"a3s aiL msg8629388147552071498\"><div dir=\"ltr\"><div><div id=\"m_8629388147552071498Signature\"><div><div id=\"m_8629388147552071498divtagdefaultwrapper\"><p><a href=\"https:\/\/www.researchgate.net\/profile\/Antonio-Ariza-3\" target=\"_blank\" rel=\"noopener\"><strong><span style=\"vertical-align: inherit;\"><span style=\"vertical-align: inherit;\"><span style=\"vertical-align: inherit;\"><span style=\"vertical-align: inherit;\"><span style=\"vertical-align: inherit;\"><span style=\"vertical-align: inherit;\">Antonio Gonz\u00e1lez Ariza<\/span><\/span><\/span><\/span><\/span><\/span><\/strong><\/a><\/p><div class=\"yj6qo\">\u00a0<\/div><div class=\"adL\">\u00a0<\/div><\/div><div class=\"adL\">\u00a0<\/div><\/div><div class=\"adL\">\u00a0<\/div><\/div><div class=\"adL\">\u00a0<\/div><\/div><div class=\"adL\">\u00a0<\/div><\/div><div class=\"adL\">\u00a0<\/div><\/div><\/div><div id=\":21u\" class=\"&quot;hq&lt;\/p\">\u00a0<\/div>\t\t\t\t\t\t<\/div>\n\t\t\t\t<\/div>\n\t\t\t\t\t<\/div>\n\t\t<\/div>\n\t\t\t\t\t\t\t<\/div>\n\t\t<\/section>\n\t\t\t\t<section class=\"elementor-section elementor-top-section elementor-element elementor-element-7e5d81d elementor-section-boxed elementor-section-height-default elementor-section-height-default\" data-id=\"7e5d81d\" data-element_type=\"section\">\n\t\t\t\t\t\t<div class=\"elementor-container elementor-column-gap-default\">\n\t\t\t\t\t<div class=\"elementor-column elementor-col-33 elementor-top-column elementor-element elementor-element-29b059a\" data-id=\"29b059a\" data-element_type=\"column\">\n\t\t\t<div class=\"elementor-widget-wrap elementor-element-populated\">\n\t\t\t\t\t\t\t\t<div class=\"elementor-element elementor-element-1981169 elementor-widget elementor-widget-image\" data-id=\"1981169\" data-element_type=\"widget\" data-widget_type=\"image.default\">\n\t\t\t\t<div class=\"elementor-widget-container\">\n\t\t\t\t\t\t\t\t\t\t\t\t\t\t\t\t<a href=\"https:\/\/dialnet.unirioja.es\/servlet\/tesis?codigo=265106\" target=\"_blank\">\n\t\t\t\t\t\t\t<img decoding=\"async\" src=\"http:\/\/conbiand.site\/wp-content\/uploads\/2021\/02\/gallinaecuador-1.jpg\" title=\"\" alt=\"\" loading=\"lazy\" \/>\t\t\t\t\t\t\t\t<\/a>\n\t\t\t\t\t\t\t\t\t\t\t\t\t\t\t<\/div>\n\t\t\t\t<\/div>\n\t\t\t\t\t<\/div>\n\t\t<\/div>\n\t\t\t\t<div class=\"elementor-column elementor-col-33 elementor-top-column elementor-element elementor-element-45e920e\" data-id=\"45e920e\" data-element_type=\"column\">\n\t\t\t<div class=\"elementor-widget-wrap elementor-element-populated\">\n\t\t\t\t\t\t\t\t<div class=\"elementor-element elementor-element-555a7a1 elementor-widget elementor-widget-text-editor\" data-id=\"555a7a1\" data-element_type=\"widget\" data-widget_type=\"text-editor.default\">\n\t\t\t\t<div class=\"elementor-widget-container\">\n\t\t\t\t\t\t\t<p><a href=\"https:\/\/dialnet.unirioja.es\/servlet\/tesis?codigo=265106\" target=\"_blank\" rel=\"noopener\"><br \/><span style=\"vertical-align: inherit;\"><span style=\"vertical-align: inherit;\"><span style=\"vertical-align: inherit;\"><span style=\"vertical-align: inherit;\"><span style=\"vertical-align: inherit;\">Caracterizaci\u00f3n morfol\u00f3gica, productiva y gen\u00e9tica de la gallina criolla del ecuador <\/span><\/span><\/span><\/span><\/span><\/a><br \/><span style=\"font-size: 90%;\"><span style=\"vertical-align: inherit;\"><span style=\"vertical-align: inherit;\"><span style=\"vertical-align: inherit;\"><span style=\"vertical-align: inherit;\"><span style=\"vertical-align: inherit;\">En Ecuador las gallinas de campo es una de las especies de mayor demanda en el pa\u00eds; <\/span><\/span><\/span><span style=\"vertical-align: inherit;\"><span style=\"vertical-align: inherit;\"><span style=\"vertical-align: inherit;\">pero en la actualidad existen pocos estudios sobre su caracterizaci\u00f3n. <\/span><\/span><\/span><span style=\"vertical-align: inherit;\"><span style=\"vertical-align: inherit;\"><span style=\"vertical-align: inherit;\">En esta tesis se realiza la caracterizaci\u00f3n morfol\u00f3gica, productiva y gen\u00e9ticamente de la Gallina Criolla del Ecuador con vistas a su definici\u00f3n, descripci\u00f3n y puesta en valor.<\/span><\/span><\/span><\/span><\/span><\/span><\/p>\t\t\t\t\t\t<\/div>\n\t\t\t\t<\/div>\n\t\t\t\t\t<\/div>\n\t\t<\/div>\n\t\t\t\t<div class=\"elementor-column elementor-col-33 elementor-top-column elementor-element elementor-element-8e36e53\" data-id=\"8e36e53\" data-element_type=\"column\">\n\t\t\t<div class=\"elementor-widget-wrap elementor-element-populated\">\n\t\t\t\t\t\t\t\t<div class=\"elementor-element elementor-element-62b5957 elementor-widget elementor-widget-text-editor\" data-id=\"62b5957\" data-element_type=\"widget\" data-widget_type=\"text-editor.default\">\n\t\t\t\t<div class=\"elementor-widget-container\">\n\t\t\t\t\t\t\t<p><strong>Paula Alexandra Toalombo Vargas<\/strong><\/p>\t\t\t\t\t\t<\/div>\n\t\t\t\t<\/div>\n\t\t\t\t\t<\/div>\n\t\t<\/div>\n\t\t\t\t\t\t\t<\/div>\n\t\t<\/section>\n\t\t\t\t<section class=\"elementor-section elementor-top-section elementor-element elementor-element-bd2bb5e elementor-section-boxed elementor-section-height-default elementor-section-height-default\" data-id=\"bd2bb5e\" data-element_type=\"section\">\n\t\t\t\t\t\t<div class=\"elementor-container elementor-column-gap-default\">\n\t\t\t\t\t<div class=\"elementor-column elementor-col-33 elementor-top-column elementor-element elementor-element-861182c\" data-id=\"861182c\" data-element_type=\"column\">\n\t\t\t<div class=\"elementor-widget-wrap elementor-element-populated\">\n\t\t\t\t\t\t\t\t<div class=\"elementor-element elementor-element-1c32fc4 elementor-widget elementor-widget-image\" data-id=\"1c32fc4\" data-element_type=\"widget\" data-widget_type=\"image.default\">\n\t\t\t\t<div class=\"elementor-widget-container\">\n\t\t\t\t\t\t\t\t\t\t\t\t\t\t\t\t<a href=\"https:\/\/dialnet.unirioja.es\/servlet\/tesis?codigo=233294\" target=\"_blank\">\n\t\t\t\t\t\t\t<img decoding=\"async\" src=\"http:\/\/conbiand.site\/wp-content\/uploads\/2021\/02\/Burro-Andaluz.jpg\" title=\"\" alt=\"\" loading=\"lazy\" \/>\t\t\t\t\t\t\t\t<\/a>\n\t\t\t\t\t\t\t\t\t\t\t\t\t\t\t<\/div>\n\t\t\t\t<\/div>\n\t\t\t\t\t<\/div>\n\t\t<\/div>\n\t\t\t\t<div class=\"elementor-column elementor-col-33 elementor-top-column elementor-element elementor-element-60c6aff\" data-id=\"60c6aff\" data-element_type=\"column\">\n\t\t\t<div class=\"elementor-widget-wrap elementor-element-populated\">\n\t\t\t\t\t\t\t\t<div class=\"elementor-element elementor-element-0ebfc4e elementor-widget elementor-widget-text-editor\" data-id=\"0ebfc4e\" data-element_type=\"widget\" data-widget_type=\"text-editor.default\">\n\t\t\t\t<div class=\"elementor-widget-container\">\n\t\t\t\t\t\t\t<p><a href=\"https:\/\/dialnet.unirioja.es\/servlet\/tesis?codigo=233294\" target=\"_blank\" rel=\"noopener\"><span style=\"vertical-align: inherit;\"><span style=\"vertical-align: inherit;\"><span style=\"vertical-align: inherit;\"><span style=\"vertical-align: inherit;\">Organizaci\u00f3n estructural de la diversidad gen\u00e9tica y caracterizaci\u00f3n etofuncional en la raza asnal andaluza <\/span><\/span><\/span><\/span><\/a><br \/><span style=\"font-size: 90%;\"><span style=\"vertical-align: inherit;\"><span style=\"vertical-align: inherit;\"><span style=\"vertical-align: inherit;\"><span style=\"vertical-align: inherit;\">Los estudios de diversidad adquirieron una especial importancia en la toma de decisiones sobre los planos de conservaci\u00f3n de esta especie funcionalmente desubicada. <\/span><\/span><\/span><span style=\"vertical-align: inherit;\"><span style=\"vertical-align: inherit;\"><span style=\"vertical-align: inherit;\">Las estrategias de selecci\u00f3n se afrontan desde tres perspectivas diferentes; <\/span><\/span><\/span><span style=\"vertical-align: inherit;\"><span style=\"vertical-align: inherit;\"><span style=\"vertical-align: inherit;\">terapia asistida por burro, la equitaci\u00f3n terap\u00e9utica y la fertilidad y resistencia a enfermedades.<\/span><\/span><\/span><\/span><\/span><\/p>\t\t\t\t\t\t<\/div>\n\t\t\t\t<\/div>\n\t\t\t\t\t<\/div>\n\t\t<\/div>\n\t\t\t\t<div class=\"elementor-column elementor-col-33 elementor-top-column elementor-element elementor-element-5506da7\" data-id=\"5506da7\" data-element_type=\"column\">\n\t\t\t<div class=\"elementor-widget-wrap elementor-element-populated\">\n\t\t\t\t\t\t\t\t<div class=\"elementor-element elementor-element-95f2519 elementor-widget elementor-widget-text-editor\" data-id=\"95f2519\" data-element_type=\"widget\" data-widget_type=\"text-editor.default\">\n\t\t\t\t<div class=\"elementor-widget-container\">\n\t\t\t\t\t\t\t<p><a href=\"https:\/\/www.researchgate.net\/profile\/Francisco-Navas-Gonzalez\"><span style=\"vertical-align: inherit; font: 16 px;\"><strong><span style=\"vertical-align: inherit;\"><span style=\"vertical-align: inherit;\">Francisco Javier Navas\u00a0<\/span><\/span><\/strong><\/span><\/a><\/p>\t\t\t\t\t\t<\/div>\n\t\t\t\t<\/div>\n\t\t\t\t\t<\/div>\n\t\t<\/div>\n\t\t\t\t\t\t\t<\/div>\n\t\t<\/section>\n\t\t\t\t<section class=\"elementor-section elementor-top-section elementor-element elementor-element-c34dbd7 elementor-section-boxed elementor-section-height-default elementor-section-height-default\" data-id=\"c34dbd7\" data-element_type=\"section\">\n\t\t\t\t\t\t<div class=\"elementor-container elementor-column-gap-default\">\n\t\t\t\t\t<div class=\"elementor-column elementor-col-33 elementor-top-column elementor-element elementor-element-827cea6\" data-id=\"827cea6\" data-element_type=\"column\">\n\t\t\t<div class=\"elementor-widget-wrap elementor-element-populated\">\n\t\t\t\t\t\t\t\t<div class=\"elementor-element elementor-element-20a86cc elementor-widget elementor-widget-image\" data-id=\"20a86cc\" data-element_type=\"widget\" data-widget_type=\"image.default\">\n\t\t\t\t<div class=\"elementor-widget-container\">\n\t\t\t\t\t\t\t\t\t\t\t\t\t\t\t\t<a href=\"https:\/\/helvia.uco.es\/xmlui\/handle\/10396\/13487\" target=\"_blank\">\n\t\t\t\t\t\t\t<img decoding=\"async\" src=\"http:\/\/conbiand.site\/wp-content\/uploads\/2021\/02\/oveja2.jpg\" title=\"\" alt=\"\" loading=\"lazy\" \/>\t\t\t\t\t\t\t\t<\/a>\n\t\t\t\t\t\t\t\t\t\t\t\t\t\t\t<\/div>\n\t\t\t\t<\/div>\n\t\t\t\t\t<\/div>\n\t\t<\/div>\n\t\t\t\t<div class=\"elementor-column elementor-col-33 elementor-top-column elementor-element elementor-element-404bd3c\" data-id=\"404bd3c\" data-element_type=\"column\">\n\t\t\t<div class=\"elementor-widget-wrap elementor-element-populated\">\n\t\t\t\t\t\t\t\t<div class=\"elementor-element elementor-element-a566738 elementor-widget elementor-widget-text-editor\" data-id=\"a566738\" data-element_type=\"widget\" data-widget_type=\"text-editor.default\">\n\t\t\t\t<div class=\"elementor-widget-container\">\n\t\t\t\t\t\t\t<p><a href=\"https:\/\/helvia.uco.es\/xmlui\/handle\/10396\/13487\" target=\"_blank\" rel=\"noopener\"><span style=\"vertical-align: inherit;\"><span style=\"vertical-align: inherit;\">Caracterizaci\u00f3n gen\u00e9tica del ovino de las Islas Baleares<\/span><\/span><\/a><br \/><span style=\"vertical-align: inherit;\"><span style=\"vertical-align: inherit;\"> El archipi\u00e9lago balear es rico en patrimonio gen\u00e9tico, pero la mayor\u00eda se encuentran en Peligro de Extinci\u00f3n. <\/span><span style=\"vertical-align: inherit;\">La tesis tiene como objetivo la caracterizaci\u00f3n gen\u00e9tica y el an\u00e1lisis de la diversidad, entre los ovinos de Baleares y otras razas ovinas, y la idoneidad de la Utilizaci\u00f3n de la gen\u00e9tica molecular en los programas de conservaci\u00f3n y mejora.<\/span><\/span><\/p>\t\t\t\t\t\t<\/div>\n\t\t\t\t<\/div>\n\t\t\t\t\t<\/div>\n\t\t<\/div>\n\t\t\t\t<div class=\"elementor-column elementor-col-33 elementor-top-column elementor-element elementor-element-e2af580\" data-id=\"e2af580\" data-element_type=\"column\">\n\t\t\t<div class=\"elementor-widget-wrap elementor-element-populated\">\n\t\t\t\t\t\t\t\t<div class=\"elementor-element elementor-element-e622434 elementor-widget elementor-widget-text-editor\" data-id=\"e622434\" data-element_type=\"widget\" data-widget_type=\"text-editor.default\">\n\t\t\t\t<div class=\"elementor-widget-container\">\n\t\t\t\t\t\t\t<p><a href=\"http:\/\/inagea.com\/employee\/agueda-pons-barro-3\"><strong>\u00c1gueda Laura\u00a0\u00a0<\/strong><strong>Pons Barro<\/strong><\/a><\/p>\t\t\t\t\t\t<\/div>\n\t\t\t\t<\/div>\n\t\t\t\t\t<\/div>\n\t\t<\/div>\n\t\t\t\t\t\t\t<\/div>\n\t\t<\/section>\n\t\t\t\t\t\t\t<\/div>\n\t\t","protected":false},"excerpt":{"rendered":"<p>Estudio de los bovinos locales en la agricultura familiar del Alto EgiptoEl Alto Egipto, depende en gran medida de la cr\u00eda de ganado bovino, actividad clave tanto para la econom\u00eda campesina como para su identidad cultural. La raza aut\u00f3ctona Baladi, bien adaptada a la agricultura familiar, carece de censos precisos, descripciones morfol\u00f3gicas y programas de [&hellip;]<\/p>\n","protected":false},"author":1,"featured_media":0,"parent":0,"menu_order":0,"comment_status":"closed","ping_status":"closed","template":"","meta":[],"_links":{"self":[{"href":"https:\/\/agr218.es\/index.php\/wp-json\/wp\/v2\/pages\/335"}],"collection":[{"href":"https:\/\/agr218.es\/index.php\/wp-json\/wp\/v2\/pages"}],"about":[{"href":"https:\/\/agr218.es\/index.php\/wp-json\/wp\/v2\/types\/page"}],"author":[{"embeddable":true,"href":"https:\/\/agr218.es\/index.php\/wp-json\/wp\/v2\/users\/1"}],"replies":[{"embeddable":true,"href":"https:\/\/agr218.es\/index.php\/wp-json\/wp\/v2\/comments?post=335"}],"version-history":[{"count":76,"href":"https:\/\/agr218.es\/index.php\/wp-json\/wp\/v2\/pages\/335\/revisions"}],"predecessor-version":[{"id":759,"href":"https:\/\/agr218.es\/index.php\/wp-json\/wp\/v2\/pages\/335\/revisions\/759"}],"wp:attachment":[{"href":"https:\/\/agr218.es\/index.php\/wp-json\/wp\/v2\/media?parent=335"}],"curies":[{"name":"wp","href":"https:\/\/api.w.org\/{rel}","templated":true}]}}